{"id":622,"date":"2022-07-05T06:07:43","date_gmt":"2022-07-05T06:07:43","guid":{"rendered":"https:\/\/demo.creativethemes.com\/elementor\/car-service\/?page_id=622"},"modified":"2024-03-20T13:22:27","modified_gmt":"2024-03-20T12:22:27","slug":"rolunk","status":"publish","type":"page","link":"https:\/\/asseting.hu\/en\/rolunk\/","title":{"rendered":"About us"},"content":{"rendered":"<div data-elementor-type=\"wp-page\" data-elementor-id=\"622\" class=\"elementor elementor-622\">\n\t\t\t\t<div class=\"elementor-element elementor-element-592486f e-flex e-con-boxed e-con e-parent\" data-id=\"592486f\" data-element_type=\"container\">\n\t\t\t\t\t<div class=\"e-con-inner\">\n\t\t\t\t<div class=\"elementor-element elementor-element-93a4c73 elementor-widget elementor-widget-heading\" data-id=\"93a4c73\" data-element_type=\"widget\" data-widget_type=\"heading.default\">\n\t\t\t\t<div class=\"elementor-widget-container\">\n\t\t\t\t\t<h2 class=\"elementor-heading-title elementor-size-default\">About us<\/h2>\t\t\t\t<\/div>\n\t\t\t\t<\/div>\n\t\t\t\t<div class=\"elementor-element elementor-element-2196e8b elementor-widget elementor-widget-text-editor\" data-id=\"2196e8b\" data-element_type=\"widget\" data-widget_type=\"text-editor.default\">\n\t\t\t\t<div class=\"elementor-widget-container\">\n\t\t\t\t\t\t\t\t\t<p>The partners of Asset Ingatlan Management Kft. are outstanding experts in their areas. Their past occupations consisted of various executive positions on management and leadership level at both Hungarian and International commercial companies.<\/p><p>The key to our company's success is not only experience, but constructive, open-minded, strategical thinking, exceptional team-spirit and trustworthy cooperation, which feeds itself from several decades long joint work and numerous successfully completed Real Estate Developments in Hungary.<\/p>\t\t\t\t\t\t\t\t<\/div>\n\t\t\t\t<\/div>\n\t\t\t\t\t<\/div>\n\t\t\t\t<\/div>\n\t\t<div class=\"elementor-element elementor-element-a3494a4 e-flex e-con-boxed e-con e-parent\" data-id=\"a3494a4\" data-element_type=\"container\">\n\t\t\t\t\t<div class=\"e-con-inner\">\n\t\t<div class=\"elementor-element elementor-element-6053ceb e-con-full e-flex e-con e-child\" data-id=\"6053ceb\" data-element_type=\"container\">\n\t\t\t\t<div class=\"elementor-element elementor-element-d71a4e0 elementor-widget elementor-widget-image\" data-id=\"d71a4e0\" data-element_type=\"widget\" data-widget_type=\"image.default\">\n\t\t\t\t<div class=\"elementor-widget-container\">\n\t\t\t\t\t\t\t\t\t\t\t\t\t\t\t<img decoding=\"async\" src=\"https:\/\/asseting.hu\/wp-content\/uploads\/elementor\/thumbs\/seresL-qgtfcfnyesecngkc9cp4u87a3vri4yiwymzxczcl3w.jpg\" title=\"KONICA MINOLTA DIGITAL CAMERA\" alt=\"KONICA MINOLTA DIGITAL CAMERA\" loading=\"lazy\" \/>\t\t\t\t\t\t\t\t\t\t\t\t\t\t\t<\/div>\n\t\t\t\t<\/div>\n\t\t\t\t<\/div>\n\t\t<div class=\"elementor-element elementor-element-d9e0765 e-con-full e-flex e-con e-child\" data-id=\"d9e0765\" data-element_type=\"container\">\n\t\t\t\t<div class=\"elementor-element elementor-element-051b64a elementor-widget elementor-widget-heading\" data-id=\"051b64a\" data-element_type=\"widget\" data-widget_type=\"heading.default\">\n\t\t\t\t<div class=\"elementor-widget-container\">\n\t\t\t\t\t<h2 class=\"elementor-heading-title elementor-size-default\">L\u00c1SZL\u00d3 SERES<\/h2>\t\t\t\t<\/div>\n\t\t\t\t<\/div>\n\t\t\t\t<div class=\"elementor-element elementor-element-4e02385 elementor-widget elementor-widget-text-editor\" data-id=\"4e02385\" data-element_type=\"widget\" data-widget_type=\"text-editor.default\">\n\t\t\t\t<div class=\"elementor-widget-container\">\n\t\t\t\t\t\t\t\t\t<p><span style=\"color: #000000;\">\u00c9P\u00cdT\u0150M\u00c9RN\u00d6K,\u00a0<span style=\"font-size: inherit; text-align: inherit; background-color: var( --e-global-color-blocksy_palette_8 ); font-family: var(--theme-font-family); font-style: var(--theme-font-style, inherit); font-weight: var(--theme-font-weight); letter-spacing: var(--theme-letter-spacing); text-transform: var(--theme-text-transform);\">ENERGETIKAI AUDITOR<\/span><\/span><\/p><p><a href=\"tel:+36309143418\"><span style=\"color: #000000;\">+36 30 914 3418<\/span><\/a><br \/><a href=\"mailto:laszlo.seres@asseting.hu\"><span style=\"color: #000000;\">laszlo.seres@asseting.hu<\/span><\/a><\/p>\t\t\t\t\t\t\t\t<\/div>\n\t\t\t\t<\/div>\n\t\t\t\t<div class=\"elementor-element elementor-element-051ecdd elementor-widget elementor-widget-text-editor\" data-id=\"051ecdd\" data-element_type=\"widget\" data-widget_type=\"text-editor.default\">\n\t\t\t\t<div class=\"elementor-widget-container\">\n\t\t\t\t\t\t\t\t\t<p>L\u00e1szl\u00f3 Seres is the Managing Director of the Asset Ingatlan Management Kft. and a chartered engineer. He studied at the Technical University in Budapest.<\/p><p>In the last 30 years of his professional career he successfully developed numerous Retail Real Estate projects in Hungary and was responsible for the complete Project Development, including permitting, construction, enlargements and remodelings of these Retail Real Estates: 13 Praktiker DIY, 2 Media Markets. Furthermore, he organized the enlargements of numerous Praktiker, Metro and Obi stores.<\/p><p><span style=\"font-size: inherit; text-align: inherit; background-color: var(--theme-palette-color-8); color: var(--theme-text-color); font-family: var(--theme-font-family); font-style: var(--theme-font-style, inherit); font-weight: var(--theme-font-weight); letter-spacing: var(--theme-letter-spacing); text-transform: var(--theme-text-transform);\">Since 2002 he was the Managing Director of the METRO Group Asset Management Kft., the Hungarian Real Estate subsidiary of the METRO Group. The core activity of this Real Estate company was to provide the needed Retail Real Estates to the METRO Group, including Project Development, Asset and Facility Management. Furthermore, the company was also responsible for the Facility Management of other Retail chains in Hungary.<\/span><\/p><p><span style=\"font-size: inherit; text-align: inherit; background-color: var(--theme-palette-color-8); color: var(--theme-text-color); font-family: var(--theme-font-family); font-style: var(--theme-font-style, inherit); font-weight: var(--theme-font-weight); letter-spacing: var(--theme-letter-spacing); text-transform: var(--theme-text-transform);\">In 2014 he was Head of Construction and Facility Management Departement in Obi Hungary.<\/span><\/p><p>Since 2016 he is a chartered\/licensed Energy Auditor (MEKH: Hungarian Energy and Public Utility Regulatory Authority).<\/p>\t\t\t\t\t\t\t\t<\/div>\n\t\t\t\t<\/div>\n\t\t\t\t<\/div>\n\t\t\t\t\t<\/div>\n\t\t\t\t<\/div>\n\t\t<div class=\"elementor-element elementor-element-3a54f89 e-flex e-con-boxed e-con e-parent\" data-id=\"3a54f89\" data-element_type=\"container\">\n\t\t\t\t\t<div class=\"e-con-inner\">\n\t\t<div class=\"elementor-element elementor-element-e35a204 e-con-full e-flex e-con e-child\" data-id=\"e35a204\" data-element_type=\"container\">\n\t\t\t\t<div class=\"elementor-element elementor-element-e25e95d elementor-widget elementor-widget-heading\" data-id=\"e25e95d\" data-element_type=\"widget\" data-widget_type=\"heading.default\">\n\t\t\t\t<div class=\"elementor-widget-container\">\n\t\t\t\t\t<h2 class=\"elementor-heading-title elementor-size-default\">L\u00c1SZL\u00d3 CSIKI<\/h2>\t\t\t\t<\/div>\n\t\t\t\t<\/div>\n\t\t\t\t<div class=\"elementor-element elementor-element-a574123 elementor-widget elementor-widget-text-editor\" data-id=\"a574123\" data-element_type=\"widget\" data-widget_type=\"text-editor.default\">\n\t\t\t\t<div class=\"elementor-widget-container\">\n\t\t\t\t\t\t\t\t\t<p><span style=\"color: #000000;\">ECONOMIST, REAL ESTATE EXPERT<\/span><\/p><p><span style=\"color: #000000;\"><a style=\"color: #000000;\" href=\"tel:+36307911177\">+36 30 791 1177<\/a><\/span><br \/><span style=\"color: #000000;\"><a style=\"color: #000000;\" href=\"mailto:laszlo.csiki@asseting.hu\">laszlo.csiki@asseting.hu<\/a><\/span><\/p>\t\t\t\t\t\t\t\t<\/div>\n\t\t\t\t<\/div>\n\t\t\t\t<div class=\"elementor-element elementor-element-5241457 elementor-widget elementor-widget-text-editor\" data-id=\"5241457\" data-element_type=\"widget\" data-widget_type=\"text-editor.default\">\n\t\t\t\t<div class=\"elementor-widget-container\">\n\t\t\t\t\t\t\t\t\t<p>L\u00e1szl\u00f3 Csiki is Partner of Asset Ingatlan Management. He studied economy in Berlin (Dipl.Kfm) and has a Master of Science in Real Estate.<\/p><p>He started his career in residential constructions in Berlin in the 90-s.In the following 15 years he worked in Corporate Real Estate Management for the Real Estate Company of the METRO Group (METRO PROPERTIES).As Managing Director he was responsible for different country organisations of METRO Properties and focused on Hungary and Romania, but was also active and responsible in SK, BG, CZ, PL, CR, EG, MD, TR and GR. Furthermore he was also Head of Corporate Asset Management, Facility Management for the Region East Europe.<\/p><p>Later he was responsible as Country Manager Developments for all types of Real Estate developments in Hungary and Romania for the Immofinanz Group in Vienna.<\/p>\t\t\t\t\t\t\t\t<\/div>\n\t\t\t\t<\/div>\n\t\t\t\t<\/div>\n\t\t<div class=\"elementor-element elementor-element-ef9b59d e-con-full e-flex e-con e-child\" data-id=\"ef9b59d\" data-element_type=\"container\">\n\t\t\t\t<div class=\"elementor-element elementor-element-e728237 elementor-widget elementor-widget-image\" data-id=\"e728237\" data-element_type=\"widget\" data-widget_type=\"image.default\">\n\t\t\t\t<div class=\"elementor-widget-container\">\n\t\t\t\t\t\t\t\t\t\t\t\t\t\t\t<img decoding=\"async\" src=\"https:\/\/asseting.hu\/wp-content\/uploads\/elementor\/thumbs\/csiki-qjen7uxj984p3p8be971pdvzjdmremi5zo41t11ot8.png\" title=\"csiki\" alt=\"csiki\" loading=\"lazy\" \/>\t\t\t\t\t\t\t\t\t\t\t\t\t\t\t<\/div>\n\t\t\t\t<\/div>\n\t\t\t\t<\/div>\n\t\t\t\t\t<\/div>\n\t\t\t\t<\/div>\n\t\t\t\t<\/div>","protected":false},"excerpt":{"rendered":"<p>R\u00f3lunk Az Asset Ingatlan Management Kft. munkat\u00e1rsai szakter\u00fclet\u00fck kiv\u00e1l\u00f3 ismer\u0151i. Magyar- \u00e9s nemzetk\u00f6zi kereskedelmi v\u00e1llalatok \u00e9s ingatlanfejleszt\u0151 c\u00e9gek \u00fcgyvezet\u00e9s\u00e9ben \u00e9s menedzsmentj\u00e9ben t\u00f6lt\u00f6ttek be hossz\u00fa \u00e9veken kereszt\u00fcl vezet\u0151 poz\u00edci\u00f3t. Siker\u00fck kulcsa nemcsak a tapasztalat, hanem az \u00e9vtizedes k\u00f6z\u00f6s munk\u00e1b\u00f3l ered\u0151 konstrukt\u00edv, nyitott, strat\u00e9giai gondolkod\u00e1s, a kiv\u00e1l\u00f3 csapatszellem, \u00e9s a tisztess\u00e9ges egy\u00fcttm\u0171k\u00f6d\u00e9s. K\u00f6z\u00f6s munk\u00e1juk eredm\u00e9nyess\u00e9g\u00e9t bizony\u00edtja sz\u00e1mos [&hellip;]<\/p>","protected":false},"author":2,"featured_media":0,"parent":0,"menu_order":0,"comment_status":"closed","ping_status":"closed","template":"","meta":{"_seopress_robots_primary_cat":"","_seopress_titles_title":"","_seopress_titles_desc":"","_seopress_robots_index":"","iawp_total_views":378,"footnotes":""},"class_list":["post-622","page","type-page","status-publish","hentry"],"blocksy_meta":{"styles_descriptor":{"styles":{"desktop":"","tablet":"","mobile":""},"google_fonts":[],"version":6},"page_title_panel":"","has_hero_section":"disabled","2314b058ee0f189b680dd2ed328995de":"","hero_section":"type-1","hero_elements":[{"id":"custom_title","enabled":true,"heading_tag":"h1","title":"Home"},{"id":"custom_description","enabled":true,"description_visibility":{"desktop":true,"tablet":true,"mobile":false}},{"id":"custom_meta","enabled":false,"meta_elements":[{"id":"author","enabled":true,"label":"By","has_author_avatar":"yes","avatar_size":25},{"id":"post_date","enabled":true,"label":"On","date_format_source":"default","date_format":"M j, Y"},{"id":"updated_date","enabled":false,"label":"On","date_format_source":"default","date_format":"M j, Y"},{"id":"categories","enabled":false,"label":"In","style":"simple"},{"id":"comments","enabled":true}],"page_meta_elements":{"joined":true,"articles_count":true,"comments":true}},{"id":"breadcrumbs","enabled":false}],"82058aec85f9b527a240e4d601400a69":"","hero_alignment1":"CT_CSS_SKIP_RULE","hero_margin":40,"hero_alignment2":"center","hero_vertical_alignment":"center","ae4f98001e9f3beeb9428ec8bd47dc09":"","hero_structure":"narrow","85f8dd86cd11ab8c71ae0ed5103e26d8":"","page_title_bg_type":"featured_image","custom_hero_background":{"attachment_id":null},"page_title_image_size":"full","parallax":{"desktop":false,"tablet":false,"mobile":false},"fa1303f7ccb74ce9c93959dab70aabcc":"","hero_height":"250px","pageTitleFont":{"family":"Default","variation":"Default","size":"30px","line-height":"CT_CSS_SKIP_RULE","letter-spacing":"CT_CSS_SKIP_RULE","text-transform":"CT_CSS_SKIP_RULE","text-decoration":"CT_CSS_SKIP_RULE"},"pageTitleFontColor":{"default":{"color":"CT_CSS_SKIP_RULEDEFAULT"}},"pageMetaFont":{"family":"Default","variation":"n6","size":"12px","line-height":"1.3","letter-spacing":"CT_CSS_SKIP_RULE","text-transform":"uppercase","text-decoration":"CT_CSS_SKIP_RULE"},"pageMetaFontColor":{"default":{"color":"CT_CSS_SKIP_RULEDEFAULT"},"hover":{"color":"CT_CSS_SKIP_RULEDEFAULT"}},"page_meta_button_type_font_colors":{"default":{"color":"CT_CSS_SKIP_RULEDEFAULT"},"hover":{"color":"CT_CSS_SKIP_RULEDEFAULT"}},"page_meta_button_type_background_colors":{"default":{"color":"CT_CSS_SKIP_RULEDEFAULT"},"hover":{"color":"CT_CSS_SKIP_RULEDEFAULT"}},"pageExcerptFont":{"family":"Default","variation":"Default","size":"CT_CSS_SKIP_RULE","line-height":"CT_CSS_SKIP_RULE","letter-spacing":"CT_CSS_SKIP_RULE","text-transform":"CT_CSS_SKIP_RULE","text-decoration":"CT_CSS_SKIP_RULE"},"pageExcerptColor":{"default":{"color":"CT_CSS_SKIP_RULEDEFAULT"}},"breadcrumbsFont":{"family":"Default","variation":"Default","size":"CT_CSS_SKIP_RULE","line-height":"CT_CSS_SKIP_RULE","letter-spacing":"CT_CSS_SKIP_RULE","text-transform":"CT_CSS_SKIP_RULE","text-decoration":"CT_CSS_SKIP_RULE"},"breadcrumbsFontColor":{"default":{"color":"CT_CSS_SKIP_RULEDEFAULT"},"initial":{"color":"CT_CSS_SKIP_RULEDEFAULT"},"hover":{"color":"CT_CSS_SKIP_RULEDEFAULT"}},"pageTitleOverlay":{"background_type":"color","background_pattern":"type-1","background_image":{"attachment_id":null,"x":0,"y":0},"gradient":"linear-gradient(135deg,rgba(6,147,227,1) 0%,rgb(155,81,224) 100%)","background_repeat":"repeat","background_size":"auto","background_attachment":"scroll","patternColor":{"default":{"color":"#e5e7ea"}},"overlayColor":{"default":{"color":"CT_CSS_SKIP_RULE"}},"backgroundColor":{"default":{"color":"CT_CSS_SKIP_RULE"}}},"pageTitleBackground":{"background_type":"color","background_pattern":"type-1","background_image":{"attachment_id":null,"x":0,"y":0},"gradient":"linear-gradient(135deg,rgba(6,147,227,1) 0%,rgb(155,81,224) 100%)","background_repeat":"repeat","background_size":"auto","background_attachment":"scroll","patternColor":{"default":{"color":"#e5e7ea"}},"overlayColor":{"default":{"color":"CT_CSS_SKIP_RULE"}},"backgroundColor":{"default":{"color":"var(--theme-palette-color-6)"}}},"pageTitlePadding":{"top":"50px","bottom":"50px","left":"auto","right":"auto","linked":true},"21d7b0cad1ef42cc7d89b7a386c567b2":"","page_structure_type":"default","12227a02acb888730816991290be008b":"","content_style_source":"inherit","content_style":"wide","vertical_spacing_source":"custom","content_area_spacing":"none","background":{"background_type":"color","background_pattern":"type-1","background_image":{"attachment_id":null,"x":0,"y":0},"gradient":"linear-gradient(135deg,rgba(6,147,227,1) 0%,rgb(155,81,224) 100%)","background_repeat":"repeat","background_size":"auto","background_attachment":"scroll","patternColor":{"default":{"color":"#e5e7ea"}},"overlayColor":{"default":{"color":"CT_CSS_SKIP_RULE"}},"backgroundColor":{"default":{"color":"CT_CSS_SKIP_RULE"}}},"content_background":{"background_type":"color","background_pattern":"type-1","background_image":{"attachment_id":null,"x":0,"y":0},"gradient":"linear-gradient(135deg,rgba(6,147,227,1) 0%,rgb(155,81,224) 100%)","background_repeat":"repeat","background_size":"auto","background_attachment":"scroll","patternColor":{"default":{"color":"#e5e7ea"}},"overlayColor":{"default":{"color":"CT_CSS_SKIP_RULE"}},"backgroundColor":{"default":{"color":"var(--theme-palette-color-8)"}}},"content_boxed_shadow":{"inherit":false,"blur":18,"spread":-6,"v_offset":12,"h_offset":0,"inset":false,"enable":true,"color":{"color":"rgba(34, 56, 101, 0.04)"}},"content_boxed_border":{"width":1,"style":"none","color":{"color":"rgba(44,62,80,0.2)"}},"content_boxed_radius":{"top":"3px","bottom":"3px","left":"3px","right":"3px","linked":true},"boxed_content_spacing":{"desktop":{"top":"40px","bottom":"40px","left":"40px","right":"40px","linked":true},"tablet":{"top":"35px","bottom":"35px","left":"35px","right":"35px","linked":true},"mobile":{"top":"20px","bottom":"20px","left":"20px","right":"20px","linked":true}},"36f5050a174b5fc70148d8271cae0d82":"","disable_featured_image":"no","disable_share_box":"no","disable_header":"no","disable_footer":"no"},"_links":{"self":[{"href":"https:\/\/asseting.hu\/en\/wp-json\/wp\/v2\/pages\/622","targetHints":{"allow":["GET"]}}],"collection":[{"href":"https:\/\/asseting.hu\/en\/wp-json\/wp\/v2\/pages"}],"about":[{"href":"https:\/\/asseting.hu\/en\/wp-json\/wp\/v2\/types\/page"}],"author":[{"embeddable":true,"href":"https:\/\/asseting.hu\/en\/wp-json\/wp\/v2\/users\/2"}],"replies":[{"embeddable":true,"href":"https:\/\/asseting.hu\/en\/wp-json\/wp\/v2\/comments?post=622"}],"version-history":[{"count":43,"href":"https:\/\/asseting.hu\/en\/wp-json\/wp\/v2\/pages\/622\/revisions"}],"predecessor-version":[{"id":1562,"href":"https:\/\/asseting.hu\/en\/wp-json\/wp\/v2\/pages\/622\/revisions\/1562"}],"wp:attachment":[{"href":"https:\/\/asseting.hu\/en\/wp-json\/wp\/v2\/media?parent=622"}],"curies":[{"name":"wp","href":"https:\/\/api.w.org\/{rel}","templated":true}]}}