{"id":1289,"date":"2023-12-19T13:11:11","date_gmt":"2023-12-19T12:11:11","guid":{"rendered":"https:\/\/asseting.hu\/?page_id=1289"},"modified":"2023-12-19T13:11:11","modified_gmt":"2023-12-19T12:11:11","slug":"cookie-tajekoztato","status":"publish","type":"page","link":"https:\/\/asseting.hu\/de\/cookie-tajekoztato\/","title":{"rendered":"Cookie t\u00e1j\u00e9koztat\u00f3"},"content":{"rendered":"","protected":false},"excerpt":{"rendered":"","protected":false},"author":2,"featured_media":0,"parent":0,"menu_order":0,"comment_status":"closed","ping_status":"closed","template":"","meta":{"_seopress_robots_primary_cat":"","_seopress_titles_title":"","_seopress_titles_desc":"","_seopress_robots_index":"","iawp_total_views":21,"footnotes":""},"class_list":["post-1289","page","type-page","status-publish","hentry"],"blocksy_meta":[],"_links":{"self":[{"href":"https:\/\/asseting.hu\/de\/wp-json\/wp\/v2\/pages\/1289","targetHints":{"allow":["GET"]}}],"collection":[{"href":"https:\/\/asseting.hu\/de\/wp-json\/wp\/v2\/pages"}],"about":[{"href":"https:\/\/asseting.hu\/de\/wp-json\/wp\/v2\/types\/page"}],"author":[{"embeddable":true,"href":"https:\/\/asseting.hu\/de\/wp-json\/wp\/v2\/users\/2"}],"replies":[{"embeddable":true,"href":"https:\/\/asseting.hu\/de\/wp-json\/wp\/v2\/comments?post=1289"}],"version-history":[{"count":1,"href":"https:\/\/asseting.hu\/de\/wp-json\/wp\/v2\/pages\/1289\/revisions"}],"predecessor-version":[{"id":1290,"href":"https:\/\/asseting.hu\/de\/wp-json\/wp\/v2\/pages\/1289\/revisions\/1290"}],"wp:attachment":[{"href":"https:\/\/asseting.hu\/de\/wp-json\/wp\/v2\/media?parent=1289"}],"curies":[{"name":"wp","href":"https:\/\/api.w.org\/{rel}","templated":true}]}}